{"id":171,"date":"2018-11-17T15:20:30","date_gmt":"2018-11-17T14:20:30","guid":{"rendered":"https:\/\/webserv3.ovh\/grandebastide\/page-d-exemple\/"},"modified":"2021-02-04T13:56:44","modified_gmt":"2021-02-04T12:56:44","slug":"page-d-exemple","status":"publish","type":"page","link":"https:\/\/www.grandebastide.fr\/en\/","title":{"rendered":"Home"},"content":{"rendered":"<p><img decoding=\"async\" src=\"\/wp-content\/uploads\/2020\/11\/logo-la-grande-bastide-blanc.png\" alt=\"\"><\/p>\n<h1>Welcome<\/h1>\n<div>\n<p>Le vignoble du Domaine de la Grande Bastide est situ\u00e9 dans la jolie campagne de Tourrettes dans le Var, sur la plaine du canton de Fayence. A seulement cinq minutes du Lac de Saint Cassien et entour\u00e9 par les charmants villages proven\u00e7aux de Mons, Seillans, Fayence, Tourrettes, Callian et Montauroux, il constitue une pause idyllique sur le trajet entre Grasse et Draguignan avec de nombreuses opportunit\u00e9s de randonn\u00e9es p\u00e9destres et cyclistes, de golf et de vol \u00e0 voile.<\/p>\n<\/div>\n<p><!-- {\"type\":\"layout\",\"children\":[{\"type\":\"section\",\"props\":{\"style\":\"muted\",\"width\":\"default\",\"vertical_align\":\"middle\",\"title_position\":\"top-left\",\"title_rotation\":\"left\",\"title_breakpoint\":\"xl\",\"image_position\":\"center-center\",\"text_color\":\"light\",\"height\":\"full\",\"image\":\"wp-content\\\/uploads\\\/2020\\\/11\\\/domaine-grande-bastide-tourrettes.jpg\",\"title\":\"Domaine Grande Bastide Tourrettes\",\"image_size\":\"cover\"},\"children\":[{\"type\":\"row\",\"children\":[{\"type\":\"column\",\"props\":{\"image_position\":\"center-center\",\"media_overlay_gradient\":\"\",\"width_medium\":\"1-1\"},\"children\":[{\"type\":\"image\",\"props\":{\"margin\":\"default\",\"image_svg_color\":\"emphasis\",\"text_align\":\"center\",\"image\":\"wp-content\\\/uploads\\\/2020\\\/11\\\/logo-la-grande-bastide-blanc.png\",\"image_width\":\"400\"}}]}]}]},{\"type\":\"section\",\"props\":{\"style\":\"default\",\"width\":\"default\",\"vertical_align\":\"middle\",\"title_position\":\"top-left\",\"title_rotation\":\"left\",\"title_breakpoint\":\"xl\",\"image_position\":\"center-center\"},\"children\":[{\"type\":\"row\",\"props\":{\"layout\":\"1-3,2-3\"},\"children\":[{\"type\":\"column\",\"props\":{\"image_position\":\"center-center\",\"media_overlay_gradient\":\"\",\"width_medium\":\"1-3\"},\"children\":[{\"type\":\"headline\",\"props\":{\"title_element\":\"h1\",\"title_decoration\":\"line\",\"content\":\"Welcome\"}}]},{\"type\":\"column\",\"props\":{\"image_position\":\"center-center\",\"media_overlay_gradient\":\"\",\"width_medium\":\"2-3\"},\"children\":[{\"type\":\"text\",\"props\":{\"margin\":\"default\",\"column_breakpoint\":\"m\",\"content\":\"\n\n<p>Le vignoble du Domaine de la Grande Bastide est situ\\u00e9 dans la jolie campagne de Tourrettes dans le Var, sur la plaine du canton de Fayence. A seulement cinq minutes du Lac de Saint Cassien et entour\\u00e9 par les charmants villages proven\\u00e7aux de Mons, Seillans, Fayence, Tourrettes, Callian et Montauroux, il constitue une pause idyllique sur le trajet entre Grasse et Draguignan avec de nombreuses opportunit\\u00e9s de randonn\\u00e9es p\\u00e9destres et cyclistes, de golf et de vol \\u00e0 voile.<\\\/p>\"}}]}]}]}],\"version\":\"2.3.30\"} --><\/p>\n","protected":false},"excerpt":{"rendered":"<p>Welcome Le vignoble du Domaine de la Grande Bastide est situ\u00e9 dans la jolie campagne de Tourrettes dans le Var, sur la plaine du canton de Fayence. A seulement cinq minutes du Lac de Saint Cassien et entour\u00e9 par les charmants villages proven\u00e7aux de Mons, Seillans, Fayence, Tourrettes, Callian et Montauroux, il constitue une pause [&hellip;]<\/p>\n","protected":false},"author":1,"featured_media":0,"parent":0,"menu_order":0,"comment_status":"closed","ping_status":"open","template":"","meta":{"_seopress_robots_primary_cat":"","_seopress_titles_title":"","_seopress_titles_desc":"","_seopress_robots_index":"","footnotes":""},"class_list":["post-171","page","type-page","status-publish","hentry"],"_links":{"self":[{"href":"https:\/\/www.grandebastide.fr\/en\/wp-json\/wp\/v2\/pages\/171","targetHints":{"allow":["GET"]}}],"collection":[{"href":"https:\/\/www.grandebastide.fr\/en\/wp-json\/wp\/v2\/pages"}],"about":[{"href":"https:\/\/www.grandebastide.fr\/en\/wp-json\/wp\/v2\/types\/page"}],"author":[{"embeddable":true,"href":"https:\/\/www.grandebastide.fr\/en\/wp-json\/wp\/v2\/users\/1"}],"replies":[{"embeddable":true,"href":"https:\/\/www.grandebastide.fr\/en\/wp-json\/wp\/v2\/comments?post=171"}],"version-history":[{"count":5,"href":"https:\/\/www.grandebastide.fr\/en\/wp-json\/wp\/v2\/pages\/171\/revisions"}],"predecessor-version":[{"id":448,"href":"https:\/\/www.grandebastide.fr\/en\/wp-json\/wp\/v2\/pages\/171\/revisions\/448"}],"wp:attachment":[{"href":"https:\/\/www.grandebastide.fr\/en\/wp-json\/wp\/v2\/media?parent=171"}],"curies":[{"name":"wp","href":"https:\/\/api.w.org\/{rel}","templated":true}]}}